{"id":93,"date":"2024-04-30T18:52:32","date_gmt":"2024-04-30T18:52:32","guid":{"rendered":"https:\/\/craft3d-project.eu\/?page_id=93"},"modified":"2025-09-14T22:28:49","modified_gmt":"2025-09-14T22:28:49","slug":"objectives","status":"publish","type":"page","link":"https:\/\/craft3d-project.eu\/fr\/objectives\/","title":{"rendered":"Objectifs"},"content":{"rendered":"<div data-elementor-type=\"wp-page\" data-elementor-id=\"93\" class=\"elementor elementor-93\" data-elementor-post-type=\"page\">\n\t\t\t\t<div class=\"has_eae_slider elementor-element elementor-element-8399496 e-flex e-con-boxed e-con e-parent\" data-eae-slider=\"12118\" data-id=\"8399496\" data-element_type=\"container\" data-e-type=\"container\" data-settings=\"{&quot;background_background&quot;:&quot;classic&quot;}\">\n\t\t\t\t\t<div class=\"e-con-inner\">\n\t\t<div class=\"has_eae_slider elementor-element elementor-element-b94a498 e-con-full e-flex e-con e-child\" data-eae-slider=\"43187\" data-id=\"b94a498\" data-element_type=\"container\" data-e-type=\"container\">\n\t\t<div class=\"has_eae_slider elementor-element elementor-element-2b2ae40 e-con-full e-flex e-con e-child\" data-eae-slider=\"95257\" data-id=\"2b2ae40\" data-element_type=\"container\" data-e-type=\"container\">\n\t\t\t\t<div class=\"elementor-element elementor-element-2b08d41 elementor-widget elementor-widget-heading\" data-id=\"2b08d41\" data-element_type=\"widget\" data-e-type=\"widget\" data-widget_type=\"heading.default\">\n\t\t\t\t<div class=\"elementor-widget-container\">\n\t\t\t\t\t<h2 class=\"elementor-heading-title elementor-size-default\">OBJECTIFS<\/h2>\t\t\t\t<\/div>\n\t\t\t\t<\/div>\n\t\t\t\t<\/div>\n\t\t<div class=\"has_eae_slider elementor-element elementor-element-f312d00 e-con-full e-flex e-con e-child\" data-eae-slider=\"91296\" data-id=\"f312d00\" data-element_type=\"container\" data-e-type=\"container\">\n\t\t\t\t<div class=\"elementor-element elementor-element-ea64166 elementor-widget elementor-widget-text-editor\" data-id=\"ea64166\" data-element_type=\"widget\" data-e-type=\"widget\" data-widget_type=\"text-editor.default\">\n\t\t\t\t<div class=\"elementor-widget-container\">\n\t\t\t\t\t\t\t\t\t<div class=\"entry-content wp-block-post-content style--container style-local--container wp-block-kubio-core-post-content__container is-layout-flow wp-block-post-content-is-layout-flow\">\n<div id=\"about\" class=\"wp-block wp-block-kubio-section  position-relative wp-block-kubio-section__outer style-LJTiG6dwhM-outer style-local-40-outer d-flex h-section-global-spacing align-items-lg-center align-items-md-center align-items-end\" data-kubio=\"kubio\/section\">\n<div class=\"position-relative wp-block-kubio-section__inner style-LJTiG6dwhM-inner style-local-40-inner h-section-grid-container h-section-boxed-container\">\n<div class=\"wp-block wp-block-kubio-row  position-relative wp-block-kubio-row__container style-gCSFnNEbtW-container style-local-41-container gutters-row-lg-0 gutters-row-v-lg-0 gutters-row-md-0 gutters-row-v-md-0 gutters-row-2 gutters-row-v-0\" data-kubio=\"kubio\/row\">\n<div class=\"position-relative wp-block-kubio-row__inner style-gCSFnNEbtW-inner style-local-41-inner h-row align-items-lg-stretch align-items-md-stretch align-items-stretch justify-content-lg-start justify-content-md-start justify-content-center gutters-col-lg-0 gutters-col-v-lg-0 gutters-col-md-0 gutters-col-v-md-0 gutters-col-2 gutters-col-v-0\">\n<div class=\"wp-block wp-block-kubio-column position-relative wp-block-kubio-column__container style-qRjA26MGPM-container style-local-42-container d-flex h-col-lg-auto h-col-md-auto h-col-auto animated fadeInLeft kubio-aos-hide-animation\" data-kubio-aos=\"fadeInLeft\" data-kubio=\"kubio\/column\" data-kubio-aos-executed=\"true\">\n<div class=\"position-relative wp-block-kubio-column__inner style-qRjA26MGPM-inner style-local-42-inner d-flex h-flex-basis h-px-lg-2 v-inner-lg-2 h-px-md-2 v-inner-md-2 h-px-0 v-inner-0\">\n<div class=\"position-relative wp-block-kubio-column__align style-qRjA26MGPM-align style-local-42-align h-y-container h-column__content h-column__v-align flex-basis-100 align-self-lg-end align-self-md-end align-self-end\">\n<p class=\"wp-block wp-block-kubio-text  position-relative wp-block-kubio-text__text style-c-218NjOMl-text style-local-44-text\" data-kubio=\"kubio\/text\">Les objectifs de CRAFT3D refl\u00e8tent notre mission de fusionner la tradition et l'innovation. En combinant la cr\u00e9ativit\u00e9 de l'artisanat du bois avec les possibilit\u00e9s offertes par les technologies num\u00e9riques telles que l'impression 3D, le projet vise \u00e0 renforcer l'autonomie des artisans, \u00e0 soutenir les prestataires d'enseignement et de formation professionnels (EFP) et \u00e0 favoriser une collaboration fructueuse entre les professionnels. Chaque objectif est con\u00e7u pour r\u00e9pondre \u00e0 un besoin sp\u00e9cifique, afin que CRAFT3D ait un impact durable sur le d\u00e9veloppement des comp\u00e9tences, la pr\u00e9paration au num\u00e9rique et l'innovation culturelle.<\/p>\n<\/div>\n<\/div>\n<\/div>\n<\/div>\n<\/div>\n<\/div>\n<\/div>\n<\/div>\t\t\t\t\t\t\t\t<\/div>\n\t\t\t\t<\/div>\n\t\t\t\t<\/div>\n\t\t\t\t<\/div>\n\t\t<div class=\"has_eae_slider elementor-element elementor-element-c6550a0 e-con-full e-flex e-con e-child\" data-eae-slider=\"27287\" data-id=\"c6550a0\" data-element_type=\"container\" data-e-type=\"container\">\n\t\t<div class=\"has_eae_slider elementor-element elementor-element-983f3df e-con-full e-flex e-con e-child\" data-eae-slider=\"80718\" data-id=\"983f3df\" data-element_type=\"container\" data-e-type=\"container\">\n\t\t\t\t<div class=\"elementor-element elementor-element-67dd58d elementor-align-center elementor-widget elementor-widget-button\" data-id=\"67dd58d\" data-element_type=\"widget\" data-e-type=\"widget\" data-widget_type=\"button.default\">\n\t\t\t\t<div class=\"elementor-widget-container\">\n\t\t\t\t\t\t\t\t\t<div class=\"elementor-button-wrapper\">\n\t\t\t\t\t<a class=\"elementor-button elementor-size-sm\" role=\"button\">\n\t\t\t\t\t\t<span class=\"elementor-button-content-wrapper\">\n\t\t\t\t\t\t\t\t\t<span class=\"elementor-button-text\">1<\/span>\n\t\t\t\t\t<\/span>\n\t\t\t\t\t<\/a>\n\t\t\t\t<\/div>\n\t\t\t\t\t\t\t\t<\/div>\n\t\t\t\t<\/div>\n\t\t\t\t<div class=\"elementor-element elementor-element-fcb7f3c elementor-widget elementor-widget-image\" data-id=\"fcb7f3c\" data-element_type=\"widget\" data-e-type=\"widget\" data-widget_type=\"image.default\">\n\t\t\t\t<div class=\"elementor-widget-container\">\n\t\t\t\t\t\t\t\t\t\t\t\t\t\t\t<img fetchpriority=\"high\" decoding=\"async\" width=\"1024\" height=\"1024\" src=\"https:\/\/craft3d-project.eu\/wp-content\/uploads\/2025\/09\/ChatGPT-Image-Sep-14-2025-05_13_37-PM.png\" class=\"attachment-large size-large wp-image-1198\" alt=\"\" srcset=\"https:\/\/craft3d-project.eu\/wp-content\/uploads\/2025\/09\/ChatGPT-Image-Sep-14-2025-05_13_37-PM.png 1024w, https:\/\/craft3d-project.eu\/wp-content\/uploads\/2025\/09\/ChatGPT-Image-Sep-14-2025-05_13_37-PM-300x300.png 300w, https:\/\/craft3d-project.eu\/wp-content\/uploads\/2025\/09\/ChatGPT-Image-Sep-14-2025-05_13_37-PM-150x150.png 150w, https:\/\/craft3d-project.eu\/wp-content\/uploads\/2025\/09\/ChatGPT-Image-Sep-14-2025-05_13_37-PM-768x768.png 768w, https:\/\/craft3d-project.eu\/wp-content\/uploads\/2025\/09\/ChatGPT-Image-Sep-14-2025-05_13_37-PM-12x12.png 12w\" sizes=\"(max-width: 1024px) 100vw, 1024px\" \/>\t\t\t\t\t\t\t\t\t\t\t\t\t\t\t<\/div>\n\t\t\t\t<\/div>\n\t\t\t\t<div class=\"elementor-element elementor-element-baedf04 elementor-widget elementor-widget-text-editor\" data-id=\"baedf04\" data-element_type=\"widget\" data-e-type=\"widget\" data-widget_type=\"text-editor.default\">\n\t\t\t\t<div class=\"elementor-widget-container\">\n\t\t\t\t\t\t\t\t\t<div class=\"entry-content wp-block-post-content style--container style-local--container wp-block-kubio-core-post-content__container is-layout-flow wp-block-post-content-is-layout-flow\">\n<div id=\"about\" class=\"wp-block wp-block-kubio-section  position-relative wp-block-kubio-section__outer style-LJTiG6dwhM-outer style-local-40-outer d-flex h-section-global-spacing align-items-lg-center align-items-md-center align-items-end\" data-kubio=\"kubio\/section\">\n<div class=\"position-relative wp-block-kubio-section__inner style-LJTiG6dwhM-inner style-local-40-inner h-section-grid-container h-section-boxed-container\">\n<div class=\"wp-block wp-block-kubio-row  position-relative wp-block-kubio-row__container style-gCSFnNEbtW-container style-local-41-container gutters-row-lg-0 gutters-row-v-lg-0 gutters-row-md-0 gutters-row-v-md-0 gutters-row-2 gutters-row-v-0\" data-kubio=\"kubio\/row\">\n<div class=\"position-relative wp-block-kubio-row__inner style-gCSFnNEbtW-inner style-local-41-inner h-row align-items-lg-stretch align-items-md-stretch align-items-stretch justify-content-lg-start justify-content-md-start justify-content-center gutters-col-lg-0 gutters-col-v-lg-0 gutters-col-md-0 gutters-col-v-md-0 gutters-col-2 gutters-col-v-0\">\n<div class=\"wp-block wp-block-kubio-column position-relative wp-block-kubio-column__container style-qRjA26MGPM-container style-local-42-container d-flex h-col-lg-auto h-col-md-auto h-col-auto animated fadeInLeft kubio-aos-hide-animation\" data-kubio-aos=\"fadeInLeft\" data-kubio=\"kubio\/column\" data-kubio-aos-executed=\"true\">\n<div class=\"position-relative wp-block-kubio-column__inner style-qRjA26MGPM-inner style-local-42-inner d-flex h-flex-basis h-px-lg-2 v-inner-lg-2 h-px-md-2 v-inner-md-2 h-px-0 v-inner-0\">\n<div class=\"position-relative wp-block-kubio-column__align style-qRjA26MGPM-align style-local-42-align h-y-container h-column__content h-column__v-align flex-basis-100 align-self-lg-end align-self-md-end align-self-end\">\n<div class=\"wp-block wp-block-kubio-column  position-relative wp-block-kubio-column__container style-UmlNYSYIKl-container style-local-46-container d-flex h-col-lg-4 h-col-md-4 h-col-12\" data-kubio=\"kubio\/column\">\n<div class=\"position-relative wp-block-kubio-column__inner style-UmlNYSYIKl-inner style-local-46-inner d-flex h-flex-basis h-px-lg-3 v-inner-lg-3 h-px-md-3 v-inner-md-3 h-px-3 v-inner-3\">\n<div class=\"position-relative wp-block-kubio-column__align style-UmlNYSYIKl-align style-local-46-align h-y-container h-column__content h-column__v-align flex-basis-100 align-self-lg-start align-self-md-start align-self-start\">\n<p class=\"wp-block wp-block-kubio-text  position-relative wp-block-kubio-text__text style-EYA8-ttaEoh-text style-local-49-text\" data-kubio=\"kubio\/text\">Renforcer les comp\u00e9tences des artisans du bois et des charpentiers (25-45 ans) dans la nouvelle \u00e8re num\u00e9rique en leur fournissant des connaissances et des comp\u00e9tences sp\u00e9cialis\u00e9es sur l'impression 3D et son applicabilit\u00e9 dans le secteur de l'artisanat du bois.<\/p>\n<\/div>\n<\/div>\n<\/div>\n<div class=\"wp-block wp-block-kubio-column  position-relative wp-block-kubio-column__container style-tBqPUiLQEgX-container style-local-50-container d-flex h-col-lg-4 h-col-md-4 h-col-12\" data-kubio=\"kubio\/column\">\n<div class=\"position-relative wp-block-kubio-column__inner style-tBqPUiLQEgX-inner style-local-50-inner d-flex h-flex-basis h-px-lg-3 v-inner-lg-3 h-px-md-3 v-inner-md-3 h-px-3 v-inner-3\">\n<div class=\"background-wrapper\">\u00a0<\/div>\n<\/div>\n<\/div>\n<\/div>\n<\/div>\n<\/div>\n<\/div>\n<\/div>\n<\/div>\n<\/div>\n<\/div>\t\t\t\t\t\t\t\t<\/div>\n\t\t\t\t<\/div>\n\t\t\t\t<\/div>\n\t\t<div class=\"has_eae_slider elementor-element elementor-element-86bd245 e-con-full e-flex e-con e-child\" data-eae-slider=\"48322\" data-id=\"86bd245\" data-element_type=\"container\" data-e-type=\"container\">\n\t\t\t\t<div class=\"elementor-element elementor-element-799a1f2 elementor-align-center elementor-widget elementor-widget-button\" data-id=\"799a1f2\" data-element_type=\"widget\" data-e-type=\"widget\" data-widget_type=\"button.default\">\n\t\t\t\t<div class=\"elementor-widget-container\">\n\t\t\t\t\t\t\t\t\t<div class=\"elementor-button-wrapper\">\n\t\t\t\t\t<a class=\"elementor-button elementor-size-sm\" role=\"button\">\n\t\t\t\t\t\t<span class=\"elementor-button-content-wrapper\">\n\t\t\t\t\t\t\t\t\t<span class=\"elementor-button-text\">2<\/span>\n\t\t\t\t\t<\/span>\n\t\t\t\t\t<\/a>\n\t\t\t\t<\/div>\n\t\t\t\t\t\t\t\t<\/div>\n\t\t\t\t<\/div>\n\t\t\t\t<div class=\"elementor-element elementor-element-8f1af64 elementor-widget elementor-widget-image\" data-id=\"8f1af64\" data-element_type=\"widget\" data-e-type=\"widget\" data-widget_type=\"image.default\">\n\t\t\t\t<div class=\"elementor-widget-container\">\n\t\t\t\t\t\t\t\t\t\t\t\t\t\t\t<img decoding=\"async\" width=\"1024\" height=\"1024\" src=\"https:\/\/craft3d-project.eu\/wp-content\/uploads\/2025\/09\/ChatGPT-Image-Sep-14-2025-05_46_53-PM.png\" class=\"attachment-large size-large wp-image-1199\" alt=\"\" srcset=\"https:\/\/craft3d-project.eu\/wp-content\/uploads\/2025\/09\/ChatGPT-Image-Sep-14-2025-05_46_53-PM.png 1024w, https:\/\/craft3d-project.eu\/wp-content\/uploads\/2025\/09\/ChatGPT-Image-Sep-14-2025-05_46_53-PM-300x300.png 300w, https:\/\/craft3d-project.eu\/wp-content\/uploads\/2025\/09\/ChatGPT-Image-Sep-14-2025-05_46_53-PM-150x150.png 150w, https:\/\/craft3d-project.eu\/wp-content\/uploads\/2025\/09\/ChatGPT-Image-Sep-14-2025-05_46_53-PM-768x768.png 768w, https:\/\/craft3d-project.eu\/wp-content\/uploads\/2025\/09\/ChatGPT-Image-Sep-14-2025-05_46_53-PM-12x12.png 12w\" sizes=\"(max-width: 1024px) 100vw, 1024px\" \/>\t\t\t\t\t\t\t\t\t\t\t\t\t\t\t<\/div>\n\t\t\t\t<\/div>\n\t\t\t\t<div class=\"elementor-element elementor-element-136c5a3 elementor-widget elementor-widget-text-editor\" data-id=\"136c5a3\" data-element_type=\"widget\" data-e-type=\"widget\" data-widget_type=\"text-editor.default\">\n\t\t\t\t<div class=\"elementor-widget-container\">\n\t\t\t\t\t\t\t\t\t<div class=\"entry-content wp-block-post-content style--container style-local--container wp-block-kubio-core-post-content__container is-layout-flow wp-block-post-content-is-layout-flow\">\n<div id=\"about\" class=\"wp-block wp-block-kubio-section  position-relative wp-block-kubio-section__outer style-LJTiG6dwhM-outer style-local-40-outer d-flex h-section-global-spacing align-items-lg-center align-items-md-center align-items-end\" data-kubio=\"kubio\/section\">\n<div class=\"position-relative wp-block-kubio-section__inner style-LJTiG6dwhM-inner style-local-40-inner h-section-grid-container h-section-boxed-container\">\n<div class=\"wp-block wp-block-kubio-row  position-relative wp-block-kubio-row__container style-gCSFnNEbtW-container style-local-41-container gutters-row-lg-0 gutters-row-v-lg-0 gutters-row-md-0 gutters-row-v-md-0 gutters-row-2 gutters-row-v-0\" data-kubio=\"kubio\/row\">\n<div class=\"position-relative wp-block-kubio-row__inner style-gCSFnNEbtW-inner style-local-41-inner h-row align-items-lg-stretch align-items-md-stretch align-items-stretch justify-content-lg-start justify-content-md-start justify-content-center gutters-col-lg-0 gutters-col-v-lg-0 gutters-col-md-0 gutters-col-v-md-0 gutters-col-2 gutters-col-v-0\">\n<div class=\"wp-block wp-block-kubio-column position-relative wp-block-kubio-column__container style-qRjA26MGPM-container style-local-42-container d-flex h-col-lg-auto h-col-md-auto h-col-auto animated fadeInLeft kubio-aos-hide-animation\" data-kubio-aos=\"fadeInLeft\" data-kubio=\"kubio\/column\" data-kubio-aos-executed=\"true\">\n<div class=\"position-relative wp-block-kubio-column__inner style-qRjA26MGPM-inner style-local-42-inner d-flex h-flex-basis h-px-lg-2 v-inner-lg-2 h-px-md-2 v-inner-md-2 h-px-0 v-inner-0\">\n<div class=\"position-relative wp-block-kubio-column__align style-qRjA26MGPM-align style-local-42-align h-y-container h-column__content h-column__v-align flex-basis-100 align-self-lg-end align-self-md-end align-self-end\">\n<div class=\"wp-block wp-block-kubio-column  position-relative wp-block-kubio-column__container style-UmlNYSYIKl-container style-local-46-container d-flex h-col-lg-4 h-col-md-4 h-col-12\" data-kubio=\"kubio\/column\">\n<div class=\"position-relative wp-block-kubio-column__inner style-UmlNYSYIKl-inner style-local-46-inner d-flex h-flex-basis h-px-lg-3 v-inner-lg-3 h-px-md-3 v-inner-md-3 h-px-3 v-inner-3\">\n<div class=\"position-relative wp-block-kubio-column__align style-UmlNYSYIKl-align style-local-46-align h-y-container h-column__content h-column__v-align flex-basis-100 align-self-lg-start align-self-md-start align-self-start\">\n<div class=\"wp-block wp-block-kubio-column  position-relative wp-block-kubio-column__container style-tBqPUiLQEgX-container style-local-50-container d-flex h-col-lg-4 h-col-md-4 h-col-12\" data-kubio=\"kubio\/column\">\n<div class=\"position-relative wp-block-kubio-column__inner style-tBqPUiLQEgX-inner style-local-50-inner d-flex h-flex-basis h-px-lg-3 v-inner-lg-3 h-px-md-3 v-inner-md-3 h-px-3 v-inner-3\">\n<div class=\"position-relative wp-block-kubio-column__align style-tBqPUiLQEgX-align style-local-50-align h-y-container h-column__content h-column__v-align flex-basis-100 align-self-lg-start align-self-md-start align-self-start\">\n<p class=\"wp-block wp-block-kubio-text  position-relative wp-block-kubio-text__text style-EYA8-ttaEoh-text style-local-53-text\" data-kubio=\"kubio\/text\">D\u00e9velopper un outil d'\u00e9valuation pour les prestataires d'EFP qui permet de suivre les progr\u00e8s d'apprentissage des apprenants dans un environnement en ligne.<\/p>\n<\/div>\n<\/div>\n<\/div>\n<\/div>\n<\/div>\n<\/div>\n<\/div>\n<\/div>\n<\/div>\n<\/div>\n<\/div>\n<\/div>\n<\/div>\n<\/div>\t\t\t\t\t\t\t\t<\/div>\n\t\t\t\t<\/div>\n\t\t\t\t<\/div>\n\t\t<div class=\"has_eae_slider elementor-element elementor-element-7b8ee5a e-con-full e-flex e-con e-child\" data-eae-slider=\"2157\" data-id=\"7b8ee5a\" data-element_type=\"container\" data-e-type=\"container\">\n\t\t\t\t<div class=\"elementor-element elementor-element-a3375f8 elementor-align-center elementor-widget elementor-widget-button\" data-id=\"a3375f8\" data-element_type=\"widget\" data-e-type=\"widget\" data-widget_type=\"button.default\">\n\t\t\t\t<div class=\"elementor-widget-container\">\n\t\t\t\t\t\t\t\t\t<div class=\"elementor-button-wrapper\">\n\t\t\t\t\t<a class=\"elementor-button elementor-size-sm\" role=\"button\">\n\t\t\t\t\t\t<span class=\"elementor-button-content-wrapper\">\n\t\t\t\t\t\t\t\t\t<span class=\"elementor-button-text\">3<\/span>\n\t\t\t\t\t<\/span>\n\t\t\t\t\t<\/a>\n\t\t\t\t<\/div>\n\t\t\t\t\t\t\t\t<\/div>\n\t\t\t\t<\/div>\n\t\t\t\t<div class=\"elementor-element elementor-element-acb7efe elementor-widget elementor-widget-image\" data-id=\"acb7efe\" data-element_type=\"widget\" data-e-type=\"widget\" data-widget_type=\"image.default\">\n\t\t\t\t<div class=\"elementor-widget-container\">\n\t\t\t\t\t\t\t\t\t\t\t\t\t\t\t<img decoding=\"async\" width=\"1024\" height=\"1024\" src=\"https:\/\/craft3d-project.eu\/wp-content\/uploads\/2025\/09\/ChatGPT-Image-Sep-14-2025-05_52_49-PM.png\" class=\"attachment-large size-large wp-image-1200\" alt=\"\" srcset=\"https:\/\/craft3d-project.eu\/wp-content\/uploads\/2025\/09\/ChatGPT-Image-Sep-14-2025-05_52_49-PM.png 1024w, https:\/\/craft3d-project.eu\/wp-content\/uploads\/2025\/09\/ChatGPT-Image-Sep-14-2025-05_52_49-PM-300x300.png 300w, https:\/\/craft3d-project.eu\/wp-content\/uploads\/2025\/09\/ChatGPT-Image-Sep-14-2025-05_52_49-PM-150x150.png 150w, https:\/\/craft3d-project.eu\/wp-content\/uploads\/2025\/09\/ChatGPT-Image-Sep-14-2025-05_52_49-PM-768x768.png 768w, https:\/\/craft3d-project.eu\/wp-content\/uploads\/2025\/09\/ChatGPT-Image-Sep-14-2025-05_52_49-PM-12x12.png 12w\" sizes=\"(max-width: 1024px) 100vw, 1024px\" \/>\t\t\t\t\t\t\t\t\t\t\t\t\t\t\t<\/div>\n\t\t\t\t<\/div>\n\t\t\t\t<div class=\"elementor-element elementor-element-87369ca elementor-widget elementor-widget-text-editor\" data-id=\"87369ca\" data-element_type=\"widget\" data-e-type=\"widget\" data-widget_type=\"text-editor.default\">\n\t\t\t\t<div class=\"elementor-widget-container\">\n\t\t\t\t\t\t\t\t\t<div class=\"entry-content wp-block-post-content style--container style-local--container wp-block-kubio-core-post-content__container is-layout-flow wp-block-post-content-is-layout-flow\">\n<div id=\"about\" class=\"wp-block wp-block-kubio-section  position-relative wp-block-kubio-section__outer style-LJTiG6dwhM-outer style-local-40-outer d-flex h-section-global-spacing align-items-lg-center align-items-md-center align-items-end\" data-kubio=\"kubio\/section\">\n<div class=\"position-relative wp-block-kubio-section__inner style-LJTiG6dwhM-inner style-local-40-inner h-section-grid-container h-section-boxed-container\">\n<div class=\"wp-block wp-block-kubio-row  position-relative wp-block-kubio-row__container style-gCSFnNEbtW-container style-local-41-container gutters-row-lg-0 gutters-row-v-lg-0 gutters-row-md-0 gutters-row-v-md-0 gutters-row-2 gutters-row-v-0\" data-kubio=\"kubio\/row\">\n<div class=\"position-relative wp-block-kubio-row__inner style-gCSFnNEbtW-inner style-local-41-inner h-row align-items-lg-stretch align-items-md-stretch align-items-stretch justify-content-lg-start justify-content-md-start justify-content-center gutters-col-lg-0 gutters-col-v-lg-0 gutters-col-md-0 gutters-col-v-md-0 gutters-col-2 gutters-col-v-0\">\n<div class=\"wp-block wp-block-kubio-column position-relative wp-block-kubio-column__container style-qRjA26MGPM-container style-local-42-container d-flex h-col-lg-auto h-col-md-auto h-col-auto animated fadeInLeft kubio-aos-hide-animation\" data-kubio-aos=\"fadeInLeft\" data-kubio=\"kubio\/column\" data-kubio-aos-executed=\"true\">\n<div class=\"position-relative wp-block-kubio-column__inner style-qRjA26MGPM-inner style-local-42-inner d-flex h-flex-basis h-px-lg-2 v-inner-lg-2 h-px-md-2 v-inner-md-2 h-px-0 v-inner-0\">\n<div class=\"position-relative wp-block-kubio-column__align style-qRjA26MGPM-align style-local-42-align h-y-container h-column__content h-column__v-align flex-basis-100 align-self-lg-end align-self-md-end align-self-end\">\n<div class=\"wp-block wp-block-kubio-column  position-relative wp-block-kubio-column__container style-UmlNYSYIKl-container style-local-46-container d-flex h-col-lg-4 h-col-md-4 h-col-12\" data-kubio=\"kubio\/column\">\n<div class=\"position-relative wp-block-kubio-column__inner style-UmlNYSYIKl-inner style-local-46-inner d-flex h-flex-basis h-px-lg-3 v-inner-lg-3 h-px-md-3 v-inner-md-3 h-px-3 v-inner-3\">\n<div class=\"position-relative wp-block-kubio-column__align style-UmlNYSYIKl-align style-local-46-align h-y-container h-column__content h-column__v-align flex-basis-100 align-self-lg-start align-self-md-start align-self-start\">\n<div class=\"entry-content wp-block-post-content style--container style-local--container wp-block-kubio-core-post-content__container is-layout-flow wp-block-post-content-is-layout-flow\">\n<div id=\"hero-accent\" class=\"wp-block wp-block-kubio-section position-relative wp-block-kubio-section__outer style-lvK-TmittV-outer style-local-44-outer d-flex h-section-global-spacing align-items-lg-center align-items-md-center align-items-center animated fadeInDown kubio-aos-hide-animation\" data-kubio-aos=\"fadeInDown\" data-kubio=\"kubio\/section\" data-kubio-aos-executed=\"true\">\n<div class=\"position-relative wp-block-kubio-section__inner style-lvK-TmittV-inner style-local-44-inner h-section-grid-container h-section-boxed-container\">\n<div class=\"wp-block wp-block-kubio-row  position-relative wp-block-kubio-row__container style-uHzaks0DIJ-container style-local-45-container gutters-row-lg-2 gutters-row-v-lg-2 gutters-row-md-2 gutters-row-v-md-2 gutters-row-2 gutters-row-v-2\" data-kubio=\"kubio\/row\">\n<div class=\"position-relative wp-block-kubio-row__inner style-uHzaks0DIJ-inner style-local-45-inner h-row align-items-lg-stretch align-items-md-stretch align-items-stretch justify-content-lg-center justify-content-md-center justify-content-center gutters-col-lg-2 gutters-col-v-lg-2 gutters-col-md-2 gutters-col-v-md-2 gutters-col-2 gutters-col-v-2\">\n<div class=\"wp-block wp-block-kubio-column  position-relative wp-block-kubio-column__container style-VmUER_hzL8h-container style-local-54-container d-flex h-col-lg-4 h-col-md-4 h-col-12\" data-kubio=\"kubio\/column\">\n<div class=\"position-relative wp-block-kubio-column__inner style-VmUER_hzL8h-inner style-local-54-inner d-flex h-flex-basis h-px-lg-3 v-inner-lg-3 h-px-md-3 v-inner-md-3 h-px-3 v-inner-3\">\n<div class=\"position-relative wp-block-kubio-column__align style-VmUER_hzL8h-align style-local-54-align h-y-container h-column__content h-column__v-align flex-basis-100 align-self-lg-start align-self-md-start align-self-start\">\n<p class=\"wp-block wp-block-kubio-text  position-relative wp-block-kubio-text__text style-EYA8-ttaEoh-text style-local-57-text\" data-kubio=\"kubio\/text\">\u00c9tablir des relations de mentorat mutuel entre les artisans du bois et les charpentiers participant aux activit\u00e9s de CRAFT3D et les experts en impression 3D.<\/p>\n<\/div>\n<\/div>\n<\/div>\n<\/div>\n<\/div>\n<\/div>\n<\/div>\n<\/div>\n<div class=\"wp-block wp-block-kubio-footer  position-relative wp-block-kubio-footer__container style-qPjFIdF0Y-container style-local-59-container\" data-kubio=\"kubio\/footer\" data-kubio-component=\"footer-parallax\" data-kubio-settings=\"{&quot;isEnabled&quot;:null}\" data-loaded=\"true\">\n<div id=\"footer-section\" class=\"wp-block wp-block-kubio-section  position-relative wp-block-kubio-section__outer style-Aw4GEWOwX4-outer style-local-60-outer d-flex h-section-global-spacing align-items-lg-center align-items-md-center align-items-center\" data-kubio=\"kubio\/section\">\n<div class=\"background-wrapper\">\u00a0<\/div>\n<\/div>\n<\/div>\n<\/div>\n<\/div>\n<\/div>\n<\/div>\n<\/div>\n<\/div>\n<\/div>\n<\/div>\n<\/div>\n<\/div>\n<\/div>\t\t\t\t\t\t\t\t<\/div>\n\t\t\t\t<\/div>\n\t\t\t\t<\/div>\n\t\t\t\t<\/div>\n\t\t\t\t\t<\/div>\n\t\t\t\t<\/div>\n\t\t\t\t<\/div>","protected":false},"excerpt":{"rendered":"<p>OBJECTIVES The objectives of CRAFT3D reflect our mission to merge tradition with innovation. By combining the creativity of woodcraft with the possibilities of digital technologies such as 3D printing, the project seeks to empower artisans, support vocational education and training (VET) providers, and foster meaningful collaboration between professionals. Each objective is designed to address a [&hellip;]<\/p>\n","protected":false},"author":1,"featured_media":0,"parent":0,"menu_order":0,"comment_status":"closed","ping_status":"closed","template":"","meta":{"footnotes":""},"class_list":["post-93","page","type-page","status-publish","hentry"],"blocksy_meta":{"page_structure_type":"type-4","has_hero_section":"disabled","styles_descriptor":{"styles":{"desktop":"","tablet":"","mobile":""},"google_fonts":[],"version":6}},"aioseo_notices":[],"_links":{"self":[{"href":"https:\/\/craft3d-project.eu\/fr\/wp-json\/wp\/v2\/pages\/93","targetHints":{"allow":["GET"]}}],"collection":[{"href":"https:\/\/craft3d-project.eu\/fr\/wp-json\/wp\/v2\/pages"}],"about":[{"href":"https:\/\/craft3d-project.eu\/fr\/wp-json\/wp\/v2\/types\/page"}],"author":[{"embeddable":true,"href":"https:\/\/craft3d-project.eu\/fr\/wp-json\/wp\/v2\/users\/1"}],"replies":[{"embeddable":true,"href":"https:\/\/craft3d-project.eu\/fr\/wp-json\/wp\/v2\/comments?post=93"}],"version-history":[{"count":43,"href":"https:\/\/craft3d-project.eu\/fr\/wp-json\/wp\/v2\/pages\/93\/revisions"}],"predecessor-version":[{"id":1371,"href":"https:\/\/craft3d-project.eu\/fr\/wp-json\/wp\/v2\/pages\/93\/revisions\/1371"}],"wp:attachment":[{"href":"https:\/\/craft3d-project.eu\/fr\/wp-json\/wp\/v2\/media?parent=93"}],"curies":[{"name":"wp","href":"https:\/\/api.w.org\/{rel}","templated":true}]}}