{"id":1455,"date":"2025-10-27T12:33:57","date_gmt":"2025-10-27T12:33:57","guid":{"rendered":"https:\/\/craft3d-project.eu\/?page_id=1455"},"modified":"2025-10-27T12:36:32","modified_gmt":"2025-10-27T12:36:32","slug":"final-evaluation-meeting","status":"publish","type":"page","link":"https:\/\/craft3d-project.eu\/fr\/final-evaluation-meeting\/","title":{"rendered":"R\u00e9union d'\u00e9valuation finale"},"content":{"rendered":"<div data-elementor-type=\"wp-page\" data-elementor-id=\"1455\" class=\"elementor elementor-1455\" data-elementor-post-type=\"page\">\n\t\t\t\t<div class=\"has_eae_slider elementor-element elementor-element-75e8b55 e-flex e-con-boxed e-con e-parent\" data-eae-slider=\"64804\" data-id=\"75e8b55\" data-element_type=\"container\" data-e-type=\"container\" data-settings=\"{&quot;background_background&quot;:&quot;classic&quot;}\">\n\t\t\t\t\t<div class=\"e-con-inner\">\n\t\t<div class=\"has_eae_slider elementor-element elementor-element-b170cea e-con-full e-flex e-con e-child\" data-eae-slider=\"18401\" data-id=\"b170cea\" data-element_type=\"container\" data-e-type=\"container\">\n\t\t<div class=\"has_eae_slider elementor-element elementor-element-9c05ced e-con-full e-flex e-con e-child\" data-eae-slider=\"57694\" data-id=\"9c05ced\" data-element_type=\"container\" data-e-type=\"container\">\n\t\t\t\t<div class=\"elementor-element elementor-element-2fd768e elementor-widget elementor-widget-heading\" data-id=\"2fd768e\" data-element_type=\"widget\" data-e-type=\"widget\" data-widget_type=\"heading.default\">\n\t\t\t\t<div class=\"elementor-widget-container\">\n\t\t\t\t\t<h2 class=\"elementor-heading-title elementor-size-default\">R\u00e9union d'\u00e9valuation finale<\/h2>\t\t\t\t<\/div>\n\t\t\t\t<\/div>\n\t\t\t\t<div class=\"elementor-element elementor-element-9551cc5 elementor-widget elementor-widget-heading\" data-id=\"9551cc5\" data-element_type=\"widget\" data-e-type=\"widget\" data-widget_type=\"heading.default\">\n\t\t\t\t<div class=\"elementor-widget-container\">\n\t\t\t\t\t<h2 class=\"elementor-heading-title elementor-size-default\">LUXEMBOURG - 10 OCTOBRE 2025<\/h2>\t\t\t\t<\/div>\n\t\t\t\t<\/div>\n\t\t\t\t<\/div>\n\t\t<div class=\"has_eae_slider elementor-element elementor-element-bc15799 e-con-full e-flex e-con e-child\" data-eae-slider=\"62651\" data-id=\"bc15799\" data-element_type=\"container\" data-e-type=\"container\">\n\t\t\t\t<div class=\"elementor-element elementor-element-345decc elementor-widget elementor-widget-text-editor\" data-id=\"345decc\" data-element_type=\"widget\" data-e-type=\"widget\" data-widget_type=\"text-editor.default\">\n\t\t\t\t<div class=\"elementor-widget-container\">\n\t\t\t\t\t\t\t\t\t<p data-start=\"0\" data-end=\"290\">Tous les partenaires du projet se sont r\u00e9unis \u00e0 Luxembourg le 10 octobre 2025, pour la conf\u00e9rence de presse de la Commission europ\u00e9enne. <strong data-start=\"78\" data-end=\"106\">R\u00e9union d'\u00e9valuation finale<\/strong> de la <strong data-start=\"141\" data-end=\"240\">CRAFT3D<\/strong>, h\u00e9berg\u00e9 par <strong data-start=\"252\" data-end=\"288\">Luxembourg Creative Lab a.s.b.l.<\/strong><\/p><p data-start=\"292\" data-end=\"677\" data-is-last-node=\"\" data-is-only-node=\"\">Au cours de la r\u00e9union, les partenaires ont pr\u00e9sent\u00e9 les r\u00e9sultats finaux du projet - la <strong data-start=\"365\" data-end=\"381\">MOOC CRAFT3D<\/strong>, <strong data-start=\"383\" data-end=\"402\">Outil d'\u00e9valuation<\/strong>, et <strong data-start=\"408\" data-end=\"440\">Programme et guide de mentorat<\/strong> - et ont discut\u00e9 des r\u00e9sultats des tests locaux et des activit\u00e9s de formation. L'\u00e9v\u00e9nement s'est conclu par une \u00e9valuation globale positive, marquant l'ach\u00e8vement r\u00e9ussi du projet et renfor\u00e7ant la forte collaboration entre tous les partenaires.<\/p>\t\t\t\t\t\t\t\t<\/div>\n\t\t\t\t<\/div>\n\t\t\t\t<\/div>\n\t\t\t\t<\/div>\n\t\t<div class=\"has_eae_slider elementor-element elementor-element-6eb9cb5 e-con-full e-flex e-con e-child\" data-eae-slider=\"62202\" data-id=\"6eb9cb5\" data-element_type=\"container\" data-e-type=\"container\">\n\t\t\t\t<div class=\"elementor-element elementor-element-e2a7e74 elementor-widget elementor-widget-gallery\" data-id=\"e2a7e74\" data-element_type=\"widget\" data-e-type=\"widget\" data-settings=\"{&quot;columns&quot;:2,&quot;lazyload&quot;:&quot;yes&quot;,&quot;gallery_layout&quot;:&quot;grid&quot;,&quot;columns_tablet&quot;:2,&quot;columns_mobile&quot;:1,&quot;gap&quot;:{&quot;unit&quot;:&quot;px&quot;,&quot;size&quot;:10,&quot;sizes&quot;:[]},&quot;gap_tablet&quot;:{&quot;unit&quot;:&quot;px&quot;,&quot;size&quot;:10,&quot;sizes&quot;:[]},&quot;gap_mobile&quot;:{&quot;unit&quot;:&quot;px&quot;,&quot;size&quot;:10,&quot;sizes&quot;:[]},&quot;link_to&quot;:&quot;file&quot;,&quot;aspect_ratio&quot;:&quot;3:2&quot;,&quot;overlay_background&quot;:&quot;yes&quot;,&quot;content_hover_animation&quot;:&quot;fade-in&quot;}\" data-widget_type=\"gallery.default\">\n\t\t\t\t<div class=\"elementor-widget-container\">\n\t\t\t\t\t\t\t<div class=\"elementor-gallery__container\">\n\t\t\t\t\t\t\t<a class=\"e-gallery-item elementor-gallery-item elementor-animated-content\" href=\"https:\/\/craft3d-project.eu\/wp-content\/uploads\/2025\/10\/WhatsApp-Image-2025-10-10-at-13.06.35.jpeg\" data-elementor-open-lightbox=\"yes\" data-elementor-lightbox-slideshow=\"e2a7e74\" data-e-action-hash=\"#elementor-action%3Aaction%3Dlightbox%26settings%3DeyJpZCI6MTYzNSwidXJsIjoiaHR0cHM6XC9cL2NyYWZ0M2QtcHJvamVjdC5ldVwvd3AtY29udGVudFwvdXBsb2Fkc1wvMjAyNVwvMTBcL1doYXRzQXBwLUltYWdlLTIwMjUtMTAtMTAtYXQtMTMuMDYuMzUuanBlZyIsInNsaWRlc2hvdyI6ImUyYTdlNzQifQ%3D%3D\">\n\t\t\t\t\t<div class=\"e-gallery-image elementor-gallery-item__image\" data-thumbnail=\"https:\/\/craft3d-project.eu\/wp-content\/uploads\/2025\/10\/WhatsApp-Image-2025-10-10-at-13.06.35-1024x768.jpeg\" data-width=\"1024\" data-height=\"768\" aria-label=\"\" role=\"img\" ><\/div>\n\t\t\t\t\t\t\t\t\t\t\t<div class=\"elementor-gallery-item__overlay\"><\/div>\n\t\t\t\t\t\t\t\t\t\t\t\t\t\t<\/a>\n\t\t\t\t\t\t\t<a class=\"e-gallery-item elementor-gallery-item elementor-animated-content\" href=\"https:\/\/craft3d-project.eu\/wp-content\/uploads\/2025\/10\/WhatsApp-Image-2025-10-10-at-13.06.35-1.jpeg\" data-elementor-open-lightbox=\"yes\" data-elementor-lightbox-slideshow=\"e2a7e74\" data-e-action-hash=\"#elementor-action%3Aaction%3Dlightbox%26settings%3DeyJpZCI6MTYzNCwidXJsIjoiaHR0cHM6XC9cL2NyYWZ0M2QtcHJvamVjdC5ldVwvd3AtY29udGVudFwvdXBsb2Fkc1wvMjAyNVwvMTBcL1doYXRzQXBwLUltYWdlLTIwMjUtMTAtMTAtYXQtMTMuMDYuMzUtMS5qcGVnIiwic2xpZGVzaG93IjoiZTJhN2U3NCJ9\">\n\t\t\t\t\t<div class=\"e-gallery-image elementor-gallery-item__image\" data-thumbnail=\"https:\/\/craft3d-project.eu\/wp-content\/uploads\/2025\/10\/WhatsApp-Image-2025-10-10-at-13.06.35-1-1024x768.jpeg\" data-width=\"1024\" data-height=\"768\" aria-label=\"\" role=\"img\" ><\/div>\n\t\t\t\t\t\t\t\t\t\t\t<div class=\"elementor-gallery-item__overlay\"><\/div>\n\t\t\t\t\t\t\t\t\t\t\t\t\t\t<\/a>\n\t\t\t\t\t\t\t<a class=\"e-gallery-item elementor-gallery-item elementor-animated-content\" href=\"https:\/\/craft3d-project.eu\/wp-content\/uploads\/2025\/10\/WhatsApp-Image-2025-10-10-at-13.06.35-2.jpeg\" data-elementor-open-lightbox=\"yes\" data-elementor-lightbox-slideshow=\"e2a7e74\" data-e-action-hash=\"#elementor-action%3Aaction%3Dlightbox%26settings%3DeyJpZCI6MTYzMiwidXJsIjoiaHR0cHM6XC9cL2NyYWZ0M2QtcHJvamVjdC5ldVwvd3AtY29udGVudFwvdXBsb2Fkc1wvMjAyNVwvMTBcL1doYXRzQXBwLUltYWdlLTIwMjUtMTAtMTAtYXQtMTMuMDYuMzUtMi5qcGVnIiwic2xpZGVzaG93IjoiZTJhN2U3NCJ9\">\n\t\t\t\t\t<div class=\"e-gallery-image elementor-gallery-item__image\" data-thumbnail=\"https:\/\/craft3d-project.eu\/wp-content\/uploads\/2025\/10\/WhatsApp-Image-2025-10-10-at-13.06.35-2-1024x768.jpeg\" data-width=\"1024\" data-height=\"768\" aria-label=\"\" role=\"img\" ><\/div>\n\t\t\t\t\t\t\t\t\t\t\t<div class=\"elementor-gallery-item__overlay\"><\/div>\n\t\t\t\t\t\t\t\t\t\t\t\t\t\t<\/a>\n\t\t\t\t\t<\/div>\n\t\t\t\t\t<\/div>\n\t\t\t\t<\/div>\n\t\t\t\t<\/div>\n\t\t\t\t\t<\/div>\n\t\t\t\t<\/div>\n\t\t\t\t<\/div>","protected":false},"excerpt":{"rendered":"<p>Final Evaluation Meeting LUXEMBOURG &#8211; 10 OCTOBER 2025 All project partners came together in Luxembourg on October 10, 2025, for the Final Evaluation Meeting of the CRAFT3D, hosted by Luxembourg Creative Lab a.s.b.l. During the meeting, partners presented the project\u2019s final outputs \u2014 the CRAFT3D MOOC, Assessment Tool, and Mentorship Programme &amp; Guide \u2014 and [&hellip;]<\/p>\n","protected":false},"author":1,"featured_media":0,"parent":0,"menu_order":0,"comment_status":"closed","ping_status":"closed","template":"","meta":{"footnotes":""},"class_list":["post-1455","page","type-page","status-publish","hentry"],"blocksy_meta":{"page_structure_type":"type-4","has_hero_section":"disabled","styles_descriptor":{"styles":{"desktop":"","tablet":"","mobile":""},"google_fonts":[],"version":6}},"aioseo_notices":[],"_links":{"self":[{"href":"https:\/\/craft3d-project.eu\/fr\/wp-json\/wp\/v2\/pages\/1455","targetHints":{"allow":["GET"]}}],"collection":[{"href":"https:\/\/craft3d-project.eu\/fr\/wp-json\/wp\/v2\/pages"}],"about":[{"href":"https:\/\/craft3d-project.eu\/fr\/wp-json\/wp\/v2\/types\/page"}],"author":[{"embeddable":true,"href":"https:\/\/craft3d-project.eu\/fr\/wp-json\/wp\/v2\/users\/1"}],"replies":[{"embeddable":true,"href":"https:\/\/craft3d-project.eu\/fr\/wp-json\/wp\/v2\/comments?post=1455"}],"version-history":[{"count":4,"href":"https:\/\/craft3d-project.eu\/fr\/wp-json\/wp\/v2\/pages\/1455\/revisions"}],"predecessor-version":[{"id":1638,"href":"https:\/\/craft3d-project.eu\/fr\/wp-json\/wp\/v2\/pages\/1455\/revisions\/1638"}],"wp:attachment":[{"href":"https:\/\/craft3d-project.eu\/fr\/wp-json\/wp\/v2\/media?parent=1455"}],"curies":[{"name":"wp","href":"https:\/\/api.w.org\/{rel}","templated":true}]}}