{"id":985,"date":"2025-08-26T17:29:57","date_gmt":"2025-08-26T17:29:57","guid":{"rendered":"https:\/\/craft3d-project.eu\/?page_id=985"},"modified":"2025-09-15T12:50:48","modified_gmt":"2025-09-15T12:50:48","slug":"cookie-policy","status":"publish","type":"page","link":"https:\/\/craft3d-project.eu\/es\/cookie-policy\/","title":{"rendered":"Pol\u00edtica de cookies"},"content":{"rendered":"<div data-elementor-type=\"wp-page\" data-elementor-id=\"985\" class=\"elementor elementor-985\" data-elementor-post-type=\"page\">\n\t\t\t\t<div class=\"has_eae_slider elementor-element elementor-element-4a2f419 e-flex e-con-boxed e-con e-parent\" data-eae-slider=\"82765\" data-id=\"4a2f419\" data-element_type=\"container\" data-e-type=\"container\">\n\t\t\t\t\t<div class=\"e-con-inner\">\n\t\t\t\t<div class=\"elementor-element elementor-element-6052973 elementor-widget elementor-widget-text-editor\" data-id=\"6052973\" data-element_type=\"widget\" data-e-type=\"widget\" data-widget_type=\"text-editor.default\">\n\t\t\t\t<div class=\"elementor-widget-container\">\n\t\t\t\t\t\t\t\t\t<div>\n<div>\n<div>\n<h1>Pol\u00edtica de cookies<\/h1>\n<p>En este sitio web utilizamos cookies y tecnolog\u00edas similares para garantizar la funcionalidad, mejorar la experiencia del usuario y analizar el tr\u00e1fico del sitio web de conformidad con la<b> Reglamento general de protecci\u00f3n de datos (UE) 2016\/679 (RGPD).&nbsp;<\/b><\/p>\n<p><br><\/p>\n<h4>1. \u00bfQu\u00e9 son las cookies?&nbsp;<\/h4>\n<p><br><\/p>\n<p>Las cookies son peque\u00f1os archivos de texto que se almacenan en su dispositivo cuando visita un sitio web. Ayudan a recordar las acciones y preferencias del usuario y a habilitar funciones b\u00e1sicas del sitio y de an\u00e1lisis.&nbsp;<\/p>\n<p><br><\/p>\n<h4>2. Qu\u00e9 tipos de cookies podemos utilizar&nbsp;<\/h4>\n<ul>\n<li><b>Galletas esenciales<\/b> - Necesarias para el funcionamiento b\u00e1sico del sitio (por ejemplo, seguridad, navegaci\u00f3n). No requieren su consentimiento.&nbsp;<\/li>\n<li><b>Cookies funcionales<\/b> - Mejorar la usabilidad y recordar sus preferencias (requiere consentimiento).&nbsp;<\/li>\n<li><b>Cookies anal\u00edticas<\/b> - Recopilar datos agregados y an\u00f3nimos para comprender c\u00f3mo se utiliza el sitio (requiere consentimiento).&nbsp;<\/li>\n<\/ul>\n<p><br><\/p>\n<p>Cookies de terceros: establecidas por servicios como YouTube, Google Analytics, WP Statistics, LearnPress o plugins similares. Estos servicios pueden procesar sus datos fuera de la UE\/EEE de acuerdo con sus propias pol\u00edticas de privacidad y cookies.Shape, Picture&nbsp;<\/p>\n<p><br><\/p>\n<h4>3. Gesti\u00f3n del consentimiento de cookies (a trav\u00e9s de CookieYes)&nbsp;<\/h4>\n<p>Utilizamos CookieYes para gestionar el consentimiento de cookies en cumplimiento de los requisitos del GDPR. El banner de cookies le permite:&nbsp;<\/p>\n<ul>\n<li>Aceptar o rechazar cookies no esenciales&nbsp;<\/li>\n<li>Ver informaci\u00f3n detallada sobre cada categor\u00eda de cookies&nbsp;<\/li>\n<li>Cambie sus preferencias en cualquier momento&nbsp;<\/li>\n<\/ul>\n<p><br><\/p>\n<p>Puede gestionar sus preferencias de cookies en cualquier momento haciendo clic en el bot\u00f3n \"Configuraci\u00f3n de cookies\" disponible en el sitio web.&nbsp;<\/p>\n<p>Su consentimiento para el uso de cookies se almacenar\u00e1 durante 12 meses, a menos que borre la memoria cach\u00e9 de su navegador o actualice sus preferencias manualmente.&nbsp;<\/p>\n<p><br><\/p>\n<h4>4. Gesti\u00f3n de cookies a trav\u00e9s de su navegador&nbsp;<\/h4>\n<p>La mayor\u00eda de los navegadores permiten controlar o desactivar las cookies a trav\u00e9s de su configuraci\u00f3n. Tenga en cuenta que el bloqueo de determinados tipos de cookies puede afectar al rendimiento o la funcionalidad del sitio web.&nbsp;<\/p>\n<p><br><\/p>\n<h4>5. Actualiza&nbsp;<\/h4>\n<p>Esta Pol\u00edtica de Cookies puede ser actualizada para reflejar cambios en la tecnolog\u00eda, legislaci\u00f3n o funcionalidades del sitio. Todos los cambios se publicar\u00e1n en esta p\u00e1gina.&nbsp;<\/p>\n<p><br><\/p>\n<h4>6. Contacto&nbsp;<\/h4>\n<p>Si desea m\u00e1s informaci\u00f3n sobre el uso que hacemos de las cookies o sobre c\u00f3mo tratamos los datos personales, consulte nuestro <a href=\"https:\/\/craft3d-project.eu\/es\/privacy-policy\/\">Pol\u00edtica de privacidad<\/a> o <a href=\"https:\/\/craft3d-project.eu\/es\/contact-us\/\">P\u00f3ngase en contacto con nosotros<\/a>&nbsp;a trav\u00e9s de la informaci\u00f3n facilitada en este sitio web.&nbsp;<\/p>\n<ul>\n<\/ul>\n<\/div>\n<\/div>\n<\/div>\t\t\t\t\t\t\t\t<\/div>\n\t\t\t\t<\/div>\n\t\t\t\t\t<\/div>\n\t\t\t\t<\/div>\n\t\t\t\t<\/div>","protected":false},"excerpt":{"rendered":"<p>Cookie Policy We use cookies and similar technologies on this website to ensure functionality, improve user experience, and analyze website traffic in accordance with the General Data Protection Regulation (EU) 2016\/679 (GDPR).&nbsp; 1. What Are Cookies?&nbsp; Cookies are small text files stored on your device when you visit a website. They help remember user actions [&hellip;]<\/p>\n","protected":false},"author":1,"featured_media":0,"parent":0,"menu_order":0,"comment_status":"closed","ping_status":"closed","template":"","meta":{"footnotes":""},"class_list":["post-985","page","type-page","status-publish","hentry"],"blocksy_meta":{"has_hero_section":"disabled","page_structure_type":"type-4","styles_descriptor":{"styles":{"desktop":"","tablet":"","mobile":""},"google_fonts":[],"version":6}},"aioseo_notices":[],"_links":{"self":[{"href":"https:\/\/craft3d-project.eu\/es\/wp-json\/wp\/v2\/pages\/985","targetHints":{"allow":["GET"]}}],"collection":[{"href":"https:\/\/craft3d-project.eu\/es\/wp-json\/wp\/v2\/pages"}],"about":[{"href":"https:\/\/craft3d-project.eu\/es\/wp-json\/wp\/v2\/types\/page"}],"author":[{"embeddable":true,"href":"https:\/\/craft3d-project.eu\/es\/wp-json\/wp\/v2\/users\/1"}],"replies":[{"embeddable":true,"href":"https:\/\/craft3d-project.eu\/es\/wp-json\/wp\/v2\/comments?post=985"}],"version-history":[{"count":7,"href":"https:\/\/craft3d-project.eu\/es\/wp-json\/wp\/v2\/pages\/985\/revisions"}],"predecessor-version":[{"id":1420,"href":"https:\/\/craft3d-project.eu\/es\/wp-json\/wp\/v2\/pages\/985\/revisions\/1420"}],"wp:attachment":[{"href":"https:\/\/craft3d-project.eu\/es\/wp-json\/wp\/v2\/media?parent=985"}],"curies":[{"name":"wp","href":"https:\/\/api.w.org\/{rel}","templated":true}]}}