{"id":494,"date":"2024-09-14T21:00:27","date_gmt":"2024-09-14T21:00:27","guid":{"rendered":"https:\/\/craft3d-project.eu\/?page_id=494"},"modified":"2025-10-10T12:20:39","modified_gmt":"2025-10-10T12:20:39","slug":"home","status":"publish","type":"page","link":"https:\/\/craft3d-project.eu\/es\/","title":{"rendered":"Inicio"},"content":{"rendered":"<div data-elementor-type=\"wp-page\" data-elementor-id=\"494\" class=\"elementor elementor-494\" data-elementor-post-type=\"page\">\n\t\t\t\t<div class=\"has_eae_slider elementor-element elementor-element-a79e6fb e-flex e-con-boxed e-con e-parent\" data-eae-slider=\"95493\" data-id=\"a79e6fb\" data-element_type=\"container\" data-e-type=\"container\" data-settings=\"{&quot;background_background&quot;:&quot;classic&quot;}\">\n\t\t\t\t\t<div class=\"e-con-inner\">\n\t\t<div class=\"has_eae_slider elementor-element elementor-element-13079db e-con-full e-flex e-con e-child\" data-eae-slider=\"207\" data-id=\"13079db\" data-element_type=\"container\" data-e-type=\"container\">\n\t\t<div class=\"has_eae_slider elementor-element elementor-element-5dfb61b e-con-full e-flex e-con e-child\" data-eae-slider=\"54044\" data-id=\"5dfb61b\" data-element_type=\"container\" data-e-type=\"container\">\n\t\t\t\t<div class=\"elementor-element elementor-element-a523c7f elementor-invisible elementor-widget elementor-widget-image\" data-id=\"a523c7f\" data-element_type=\"widget\" data-e-type=\"widget\" data-settings=\"{&quot;_animation&quot;:&quot;slideInUp&quot;}\" data-widget_type=\"image.default\">\n\t\t\t\t<div class=\"elementor-widget-container\">\n\t\t\t\t\t\t\t\t\t\t\t\t\t\t\t<img fetchpriority=\"high\" decoding=\"async\" width=\"1024\" height=\"884\" src=\"https:\/\/craft3d-project.eu\/wp-content\/uploads\/2024\/05\/3d-1024x884.png\" class=\"attachment-large size-large wp-image-208\" alt=\"\" srcset=\"https:\/\/craft3d-project.eu\/wp-content\/uploads\/2024\/05\/3d-1024x884.png 1024w, https:\/\/craft3d-project.eu\/wp-content\/uploads\/2024\/05\/3d-300x259.png 300w, https:\/\/craft3d-project.eu\/wp-content\/uploads\/2024\/05\/3d-768x663.png 768w, https:\/\/craft3d-project.eu\/wp-content\/uploads\/2024\/05\/3d-1536x1326.png 1536w, https:\/\/craft3d-project.eu\/wp-content\/uploads\/2024\/05\/3d-2048x1768.png 2048w, https:\/\/craft3d-project.eu\/wp-content\/uploads\/2024\/05\/3d-1251x1080.png 1251w\" sizes=\"(max-width: 1024px) 100vw, 1024px\" \/>\t\t\t\t\t\t\t\t\t\t\t\t\t\t\t<\/div>\n\t\t\t\t<\/div>\n\t\t\t\t<\/div>\n\t\t<div class=\"has_eae_slider elementor-element elementor-element-05cf190 e-con-full e-flex elementor-invisible e-con e-child\" data-eae-slider=\"98688\" data-id=\"05cf190\" data-element_type=\"container\" data-e-type=\"container\" data-settings=\"{&quot;animation&quot;:&quot;slideInDown&quot;}\">\n\t\t\t\t<div class=\"elementor-element elementor-element-7b6660f elementor-widget elementor-widget-heading\" data-id=\"7b6660f\" data-element_type=\"widget\" data-e-type=\"widget\" data-widget_type=\"heading.default\">\n\t\t\t\t<div class=\"elementor-widget-container\">\n\t\t\t\t\t<h2 class=\"elementor-heading-title elementor-size-default\">CRAFT3D<\/h2>\t\t\t\t<\/div>\n\t\t\t\t<\/div>\n\t\t\t\t<div class=\"elementor-element elementor-element-45d954f elementor-widget elementor-widget-heading\" data-id=\"45d954f\" data-element_type=\"widget\" data-e-type=\"widget\" data-widget_type=\"heading.default\">\n\t\t\t\t<div class=\"elementor-widget-container\">\n\t\t\t\t\t<h2 class=\"elementor-heading-title elementor-size-default\">Mejora de las pr\u00e1cticas artesanales tradicionales mediante la impresi\u00f3n 3D y la innovaci\u00f3n tecnol\u00f3gica\ninnovaci\u00f3n tecnol\u00f3gica <\/h2>\t\t\t\t<\/div>\n\t\t\t\t<\/div>\n\t\t\t\t<div class=\"elementor-element elementor-element-77cfc5f elementor-widget elementor-widget-text-editor\" data-id=\"77cfc5f\" data-element_type=\"widget\" data-e-type=\"widget\" data-widget_type=\"text-editor.default\">\n\t\t\t\t<div class=\"elementor-widget-container\">\n\t\t\t\t\t\t\t\t\t<p class=\"wp-block wp-block-kubio-text position-relative wp-block-kubio-text__text style-9jPQrSX8z-text style-local-46-text\" data-kubio=\"kubio\/text\">Bienvenido a CRAFT3D, financiado por el\u00a0<strong>Uni\u00f3n Europea<\/strong>un proyecto pionero centrado en la creatividad, las artes y la cultura, junto con la mejora de las capacidades y competencias digitales.<\/p><p class=\"wp-block wp-block-kubio-text position-relative wp-block-kubio-text__text style-HPxs8Dzrz-text style-local-47-text\" data-kubio=\"kubio\/text\">A trav\u00e9s de contenidos digitales y pr\u00e1cticas pedag\u00f3gicas innovadoras, pretende aumentar la flexibilidad de las oportunidades de educaci\u00f3n y formaci\u00f3n profesional, adapt\u00e1ndolas a las necesidades del mercado laboral. Al fomentar la preparaci\u00f3n, la resiliencia y la capacidad digitales, CRAFT3D aspira a capacitar a las personas y las organizaciones para prosperar en la era digital.<\/p>\t\t\t\t\t\t\t\t<\/div>\n\t\t\t\t<\/div>\n\t\t\t\t<div class=\"elementor-element elementor-element-3d15ff5 elementor-widget elementor-widget-eael-creative-button\" data-id=\"3d15ff5\" data-element_type=\"widget\" data-e-type=\"widget\" data-widget_type=\"eael-creative-button.default\">\n\t\t\t\t<div class=\"elementor-widget-container\">\n\t\t\t\t\t        <div class=\"eael-creative-button-wrapper\">\n\n            <a class=\"eael-creative-button eael-creative-button--rayen eael-cb-icon-position-\" href=\"https:\/\/craft3d-project.eu\/es\/about\/\" data-text=\"From Here!\">\n            \t    \n                <div class=\"creative-button-inner\">\n\n                    \n                    <span class=\"cretive-button-text\">M\u00e1s informaci\u00f3n<\/span>\n\n                                    <\/div>\n\t                        <\/a>\n        <\/div>\n        \t\t\t\t<\/div>\n\t\t\t\t<\/div>\n\t\t\t\t<\/div>\n\t\t\t\t<\/div>\n\t\t\t\t\t<\/div>\n\t\t\t\t<\/div>\n\t\t<div class=\"has_eae_slider elementor-element elementor-element-6e32a87 e-flex e-con-boxed e-con e-parent\" data-eae-slider=\"34102\" data-id=\"6e32a87\" data-element_type=\"container\" data-e-type=\"container\" data-settings=\"{&quot;background_background&quot;:&quot;classic&quot;}\">\n\t\t\t\t\t<div class=\"e-con-inner\">\n\t\t<div class=\"has_eae_slider elementor-element elementor-element-9702956 e-con-full e-flex e-con e-child\" data-eae-slider=\"46095\" data-id=\"9702956\" data-element_type=\"container\" data-e-type=\"container\">\n\t\t<div class=\"has_eae_slider elementor-element elementor-element-ce5c249 e-con-full e-flex e-con e-child\" data-eae-slider=\"73817\" data-id=\"ce5c249\" data-element_type=\"container\" data-e-type=\"container\">\n\t\t\t\t<div class=\"elementor-element elementor-element-79caed1 elementor-widget elementor-widget-heading\" data-id=\"79caed1\" data-element_type=\"widget\" data-e-type=\"widget\" data-widget_type=\"heading.default\">\n\t\t\t\t<div class=\"elementor-widget-container\">\n\t\t\t\t\t<h2 class=\"elementor-heading-title elementor-size-default\">\u00bfEs usted un <b>FORMADOR<\/b> que participaron en el <b>CRAFT3D<\/b> \u00bfPrograma de tutor\u00eda en uno de los pa\u00edses socios? Rellene aqu\u00ed el formulario de evaluaci\u00f3n.\n<\/h2>\t\t\t\t<\/div>\n\t\t\t\t<\/div>\n\t\t\t\t<\/div>\n\t\t<div class=\"has_eae_slider elementor-element elementor-element-c1ba0f9 e-con-full e-flex e-con e-child\" data-eae-slider=\"52441\" data-id=\"c1ba0f9\" data-element_type=\"container\" data-e-type=\"container\">\n\t\t\t\t<div class=\"elementor-element elementor-element-c6628e1 elementor-widget elementor-widget-eael-creative-button\" data-id=\"c6628e1\" data-element_type=\"widget\" data-e-type=\"widget\" data-widget_type=\"eael-creative-button.default\">\n\t\t\t\t<div class=\"elementor-widget-container\">\n\t\t\t\t\t        <div class=\"eael-creative-button-wrapper\">\n\n            <a class=\"eael-creative-button eael-creative-button--rayen eael-cb-icon-position-\" href=\"https:\/\/docs.google.com\/forms\/d\/e\/1FAIpQLSdm4Iss9ge0oysJw-jrgUxUMXVwyVAmoryCqhWYhNAB6on0sg\/viewform\" target=\"_blank\" data-text=\"From Here!\">\n            \t    \n                <div class=\"creative-button-inner\">\n\n                    \n                    <span class=\"cretive-button-text\">Formulario de evaluaci\u00f3n del becario<\/span>\n\n                                    <\/div>\n\t                        <\/a>\n        <\/div>\n        \t\t\t\t<\/div>\n\t\t\t\t<\/div>\n\t\t\t\t<\/div>\n\t\t\t\t<\/div>\n\t\t<div class=\"has_eae_slider elementor-element elementor-element-8bf76b4 e-con-full e-flex e-con e-child\" data-eae-slider=\"85927\" data-id=\"8bf76b4\" data-element_type=\"container\" data-e-type=\"container\">\n\t\t<div class=\"has_eae_slider elementor-element elementor-element-8de04f5 e-con-full e-flex e-con e-child\" data-eae-slider=\"42244\" data-id=\"8de04f5\" data-element_type=\"container\" data-e-type=\"container\">\n\t\t\t\t<div class=\"elementor-element elementor-element-7460c13 elementor-widget elementor-widget-eael-creative-button\" data-id=\"7460c13\" data-element_type=\"widget\" data-e-type=\"widget\" data-widget_type=\"eael-creative-button.default\">\n\t\t\t\t<div class=\"elementor-widget-container\">\n\t\t\t\t\t        <div class=\"eael-creative-button-wrapper\">\n\n            <a class=\"eael-creative-button eael-creative-button--rayen eael-cb-icon-position-\" href=\"https:\/\/docs.google.com\/forms\/d\/e\/1FAIpQLSc8tGyCTbO9Sx5IC7NiK6-wDUefG2cLnXcf1MrEprGBi9q9jg\/viewform\" target=\"_blank\" data-text=\"From Here!\">\n            \t    \n                <div class=\"creative-button-inner\">\n\n                    \n                    <span class=\"cretive-button-text\">Formulario de evaluaci\u00f3n del tutor<\/span>\n\n                                    <\/div>\n\t                        <\/a>\n        <\/div>\n        \t\t\t\t<\/div>\n\t\t\t\t<\/div>\n\t\t\t\t<\/div>\n\t\t<div class=\"has_eae_slider elementor-element elementor-element-44ce6c5 e-con-full e-flex e-con e-child\" data-eae-slider=\"79365\" data-id=\"44ce6c5\" data-element_type=\"container\" data-e-type=\"container\">\n\t\t\t\t<div class=\"elementor-element elementor-element-6401975 elementor-widget elementor-widget-heading\" data-id=\"6401975\" data-element_type=\"widget\" data-e-type=\"widget\" data-widget_type=\"heading.default\">\n\t\t\t\t<div class=\"elementor-widget-container\">\n\t\t\t\t\t<h2 class=\"elementor-heading-title elementor-size-default\">\u00bfEs usted un <b>MENTOR<\/b> que participaron en el <b>CRAFT3D<\/b> \u00bfPrograma de tutor\u00eda en uno de los pa\u00edses socios? Rellene aqu\u00ed el formulario de evaluaci\u00f3n.<\/h2>\t\t\t\t<\/div>\n\t\t\t\t<\/div>\n\t\t\t\t<\/div>\n\t\t\t\t<\/div>\n\t\t\t\t\t<\/div>\n\t\t\t\t<\/div>\n\t\t\t\t<\/div>","protected":false},"excerpt":{"rendered":"<p>CRAFT3D Enhancing traditional craft practices through 3D printing and technology innovation Welcome to CRAFT3D, funded by the\u00a0European Union, a pioneering project focusing on creativity, arts, and culture, alongside enhancing digital skills and competences. Through innovative digital content and pedagogical practices, it aims to increase the flexibility of vocational education and training opportunities, aligning them with [&hellip;]<\/p>\n","protected":false},"author":1,"featured_media":0,"parent":0,"menu_order":0,"comment_status":"closed","ping_status":"closed","template":"","meta":{"footnotes":""},"class_list":["post-494","page","type-page","status-publish","hentry"],"blocksy_meta":{"page_structure_type":"type-4","styles_descriptor":{"styles":{"desktop":"","tablet":"","mobile":""},"google_fonts":[],"version":6},"has_hero_section":"disabled"},"aioseo_notices":[],"_links":{"self":[{"href":"https:\/\/craft3d-project.eu\/es\/wp-json\/wp\/v2\/pages\/494","targetHints":{"allow":["GET"]}}],"collection":[{"href":"https:\/\/craft3d-project.eu\/es\/wp-json\/wp\/v2\/pages"}],"about":[{"href":"https:\/\/craft3d-project.eu\/es\/wp-json\/wp\/v2\/types\/page"}],"author":[{"embeddable":true,"href":"https:\/\/craft3d-project.eu\/es\/wp-json\/wp\/v2\/users\/1"}],"replies":[{"embeddable":true,"href":"https:\/\/craft3d-project.eu\/es\/wp-json\/wp\/v2\/comments?post=494"}],"version-history":[{"count":137,"href":"https:\/\/craft3d-project.eu\/es\/wp-json\/wp\/v2\/pages\/494\/revisions"}],"predecessor-version":[{"id":1578,"href":"https:\/\/craft3d-project.eu\/es\/wp-json\/wp\/v2\/pages\/494\/revisions\/1578"}],"wp:attachment":[{"href":"https:\/\/craft3d-project.eu\/es\/wp-json\/wp\/v2\/media?parent=494"}],"curies":[{"name":"wp","href":"https:\/\/api.w.org\/{rel}","templated":true}]}}