{"id":985,"date":"2025-08-26T17:29:57","date_gmt":"2025-08-26T17:29:57","guid":{"rendered":"https:\/\/craft3d-project.eu\/?page_id=985"},"modified":"2025-09-15T12:50:48","modified_gmt":"2025-09-15T12:50:48","slug":"cookie-policy","status":"publish","type":"page","link":"https:\/\/craft3d-project.eu\/de\/cookie-policy\/","title":{"rendered":"Cookie-Richtlinie"},"content":{"rendered":"<div data-elementor-type=\"wp-page\" data-elementor-id=\"985\" class=\"elementor elementor-985\" data-elementor-post-type=\"page\">\n\t\t\t\t<div class=\"has_eae_slider elementor-element elementor-element-4a2f419 e-flex e-con-boxed e-con e-parent\" data-eae-slider=\"57788\" data-id=\"4a2f419\" data-element_type=\"container\" data-e-type=\"container\">\n\t\t\t\t\t<div class=\"e-con-inner\">\n\t\t\t\t<div class=\"elementor-element elementor-element-6052973 elementor-widget elementor-widget-text-editor\" data-id=\"6052973\" data-element_type=\"widget\" data-e-type=\"widget\" data-widget_type=\"text-editor.default\">\n\t\t\t\t<div class=\"elementor-widget-container\">\n\t\t\t\t\t\t\t\t\t<div>\n<div>\n<div>\n<h1>Cookie-Richtlinie<\/h1>\n<p>Wir verwenden Cookies und \u00e4hnliche Technologien auf dieser Website, um die Funktionalit\u00e4t zu gew\u00e4hrleisten, die Benutzerfreundlichkeit zu verbessern und den Website-Verkehr in \u00dcbereinstimmung mit der<b> Allgemeine Datenschutzverordnung (EU) 2016\/679 (GDPR).&nbsp;<\/b><\/p>\n<p><br><\/p>\n<h4>1. Was sind Cookies?&nbsp;<\/h4>\n<p><br><\/p>\n<p>Cookies sind kleine Textdateien, die auf Ihrem Ger\u00e4t gespeichert werden, wenn Sie eine Website besuchen. Sie helfen dabei, Benutzeraktionen und -pr\u00e4ferenzen zu speichern und erm\u00f6glichen zentrale Website-Funktionen und Analysefunktionen.&nbsp;<\/p>\n<p><br><\/p>\n<h4>2. Welche Arten von Cookies wir verwenden k\u00f6nnen&nbsp;<\/h4>\n<ul>\n<li><b>Wesentliche Cookies<\/b> - Erforderlich f\u00fcr den grundlegenden Betrieb der Website (z. B. Sicherheit, Navigation). Diese erfordern nicht Ihre Zustimmung.&nbsp;<\/li>\n<li><b>Funktionale Cookies<\/b> - Verbessern Sie die Benutzerfreundlichkeit und speichern Sie Ihre Pr\u00e4ferenzen (erfordert Zustimmung).&nbsp;<\/li>\n<li><b>Analyse-Cookies<\/b> - Sammlung aggregierter und anonymer Daten, um zu verstehen, wie die Website genutzt wird (erfordert Zustimmung).&nbsp;<\/li>\n<\/ul>\n<p><br><\/p>\n<p>Cookies von Drittanbietern - werden von Diensten wie YouTube, Google Analytics, WP Statistics, LearnPress oder \u00e4hnlichen Plugins gesetzt. Diese Dienste k\u00f6nnen Ihre Daten au\u00dferhalb der EU\/des EWR in \u00dcbereinstimmung mit ihren eigenen Datenschutz- und Cookie-Richtlinien verarbeiten.Form, Bild&nbsp;<\/p>\n<p><br><\/p>\n<h4>3. Cookie-Zustimmungsmanagement (\u00fcber CookieYes)&nbsp;<\/h4>\n<p>Wir verwenden CookieYes, um die Zustimmung zu Cookies in \u00dcbereinstimmung mit den GDPR-Anforderungen zu verwalten. Das Cookie-Banner erm\u00f6glicht es Ihnen,:&nbsp;<\/p>\n<ul>\n<li>Akzeptieren oder Ablehnen nicht notwendiger Cookies&nbsp;<\/li>\n<li>Detaillierte Informationen zu jeder Cookie-Kategorie anzeigen&nbsp;<\/li>\n<li>\u00c4ndern Sie Ihre Pr\u00e4ferenzen zu jeder Zeit&nbsp;<\/li>\n<\/ul>\n<p><br><\/p>\n<p>Sie k\u00f6nnen Ihre Cookie-Einstellungen jederzeit \u00e4ndern, indem Sie auf die Schaltfl\u00e4che \"Cookie-Einstellungen\" auf der Website klicken.&nbsp;<\/p>\n<p>Ihre Zustimmung zu Cookies wird 12 Monate lang gespeichert, es sei denn, Sie l\u00f6schen Ihren Browser-Cache oder aktualisieren Ihre Einstellungen manuell.&nbsp;<\/p>\n<p><br><\/p>\n<h4>4. Verwaltung von Cookies \u00fcber Ihren Browser&nbsp;<\/h4>\n<p>Die meisten Browser erlauben es Ihnen, Cookies \u00fcber ihre Einstellungen zu kontrollieren oder zu deaktivieren. Bitte beachten Sie, dass das Blockieren bestimmter Arten von Cookies die Leistung oder Funktionalit\u00e4t der Website beeintr\u00e4chtigen kann.&nbsp;<\/p>\n<p><br><\/p>\n<h4>5. Aktualisierungen&nbsp;<\/h4>\n<p>Diese Cookie-Richtlinie kann aktualisiert werden, um \u00c4nderungen der Technologie, der Gesetzgebung oder der Funktionen der Website zu ber\u00fccksichtigen. Alle \u00c4nderungen werden auf dieser Seite ver\u00f6ffentlicht.&nbsp;<\/p>\n<p><br><\/p>\n<h4>6. Kontakt&nbsp;<\/h4>\n<p>Weitere Informationen \u00fcber die Verwendung von Cookies und die Verarbeitung personenbezogener Daten durch uns finden Sie in unserer <a href=\"https:\/\/craft3d-project.eu\/de\/privacy-policy\/\">Datenschutzbestimmungen<\/a> oder <a href=\"https:\/\/craft3d-project.eu\/de\/contact-us\/\">Kontakt<\/a>&nbsp;\u00fcber die auf dieser Website bereitgestellten Informationen.&nbsp;<\/p>\n<ul>\n<\/ul>\n<\/div>\n<\/div>\n<\/div>\t\t\t\t\t\t\t\t<\/div>\n\t\t\t\t<\/div>\n\t\t\t\t\t<\/div>\n\t\t\t\t<\/div>\n\t\t\t\t<\/div>","protected":false},"excerpt":{"rendered":"<p>Cookie Policy We use cookies and similar technologies on this website to ensure functionality, improve user experience, and analyze website traffic in accordance with the General Data Protection Regulation (EU) 2016\/679 (GDPR).&nbsp; 1. What Are Cookies?&nbsp; Cookies are small text files stored on your device when you visit a website. They help remember user actions [&hellip;]<\/p>\n","protected":false},"author":1,"featured_media":0,"parent":0,"menu_order":0,"comment_status":"closed","ping_status":"closed","template":"","meta":{"footnotes":""},"class_list":["post-985","page","type-page","status-publish","hentry"],"blocksy_meta":{"has_hero_section":"disabled","page_structure_type":"type-4","styles_descriptor":{"styles":{"desktop":"","tablet":"","mobile":""},"google_fonts":[],"version":6}},"aioseo_notices":[],"_links":{"self":[{"href":"https:\/\/craft3d-project.eu\/de\/wp-json\/wp\/v2\/pages\/985","targetHints":{"allow":["GET"]}}],"collection":[{"href":"https:\/\/craft3d-project.eu\/de\/wp-json\/wp\/v2\/pages"}],"about":[{"href":"https:\/\/craft3d-project.eu\/de\/wp-json\/wp\/v2\/types\/page"}],"author":[{"embeddable":true,"href":"https:\/\/craft3d-project.eu\/de\/wp-json\/wp\/v2\/users\/1"}],"replies":[{"embeddable":true,"href":"https:\/\/craft3d-project.eu\/de\/wp-json\/wp\/v2\/comments?post=985"}],"version-history":[{"count":7,"href":"https:\/\/craft3d-project.eu\/de\/wp-json\/wp\/v2\/pages\/985\/revisions"}],"predecessor-version":[{"id":1420,"href":"https:\/\/craft3d-project.eu\/de\/wp-json\/wp\/v2\/pages\/985\/revisions\/1420"}],"wp:attachment":[{"href":"https:\/\/craft3d-project.eu\/de\/wp-json\/wp\/v2\/media?parent=985"}],"curies":[{"name":"wp","href":"https:\/\/api.w.org\/{rel}","templated":true}]}}